{"id":6472,"date":"2022-04-01T00:46:42","date_gmt":"2022-04-01T00:46:42","guid":{"rendered":"https:\/\/lemoana.intercontinental.com\/?page_id=6472"},"modified":"2023-09-05T13:28:36","modified_gmt":"2023-09-05T23:28:36","slug":"cookie-policy","status":"publish","type":"page","link":"https:\/\/lemoana.intercontinental.com\/fr\/cookie-policy","title":{"rendered":"Politique de Cookies"},"content":{"rendered":"<div data-elementor-type=\"wp-page\" data-elementor-id=\"6472\" class=\"elementor elementor-6472\" data-elementor-post-type=\"page\">\n\t\t\t\t\t\t<section class=\"elementor-section elementor-top-section elementor-element elementor-element-72094d6 elementor-section-boxed elementor-section-height-default elementor-section-height-default\" data-id=\"72094d6\" data-element_type=\"section\" data-settings=\"{&quot;jet_parallax_layout_list&quot;:[{&quot;jet_parallax_layout_image&quot;:{&quot;url&quot;:&quot;&quot;,&quot;id&quot;:&quot;&quot;,&quot;size&quot;:&quot;&quot;},&quot;_id&quot;:&quot;9226cce&quot;,&quot;jet_parallax_layout_image_tablet&quot;:{&quot;url&quot;:&quot;&quot;,&quot;id&quot;:&quot;&quot;,&quot;size&quot;:&quot;&quot;},&quot;jet_parallax_layout_image_mobile&quot;:{&quot;url&quot;:&quot;&quot;,&quot;id&quot;:&quot;&quot;,&quot;size&quot;:&quot;&quot;},&quot;jet_parallax_layout_speed&quot;:{&quot;unit&quot;:&quot;%&quot;,&quot;size&quot;:50,&quot;sizes&quot;:[]},&quot;jet_parallax_layout_type&quot;:&quot;scroll&quot;,&quot;jet_parallax_layout_direction&quot;:null,&quot;jet_parallax_layout_fx_direction&quot;:null,&quot;jet_parallax_layout_z_index&quot;:&quot;&quot;,&quot;jet_parallax_layout_bg_x&quot;:50,&quot;jet_parallax_layout_bg_x_tablet&quot;:&quot;&quot;,&quot;jet_parallax_layout_bg_x_mobile&quot;:&quot;&quot;,&quot;jet_parallax_layout_bg_y&quot;:50,&quot;jet_parallax_layout_bg_y_tablet&quot;:&quot;&quot;,&quot;jet_parallax_layout_bg_y_mobile&quot;:&quot;&quot;,&quot;jet_parallax_layout_bg_size&quot;:&quot;auto&quot;,&quot;jet_parallax_layout_bg_size_tablet&quot;:&quot;&quot;,&quot;jet_parallax_layout_bg_size_mobile&quot;:&quot;&quot;,&quot;jet_parallax_layout_animation_prop&quot;:&quot;transform&quot;,&quot;jet_parallax_layout_on&quot;:[&quot;desktop&quot;,&quot;tablet&quot;]}]}\">\n\t\t\t\t\t\t<div class=\"elementor-container elementor-column-gap-default\">\n\t\t\t\t\t<div class=\"elementor-column elementor-col-100 elementor-top-column elementor-element elementor-element-4fd4235\" data-id=\"4fd4235\" data-element_type=\"column\">\n\t\t\t<div class=\"elementor-widget-wrap elementor-element-populated\">\n\t\t\t\t\t\t<div class=\"elementor-element elementor-element-7ab7c8e elementor-widget elementor-widget-text-editor\" data-id=\"7ab7c8e\" data-element_type=\"widget\" data-widget_type=\"text-editor.default\">\n\t\t\t\t<div class=\"elementor-widget-container\">\n\t\t\t\t\t\t\t<h1 style=\"color: #7a7a7a;\">Politique de Cookies<\/h1><p><em>Date de derni\u00e8re r\u00e9vision : 9 mai 2022<\/em><\/p><p>Le site internet \u00ab https:\/\/lemoana.intercontinental.com\/ \u00bb (ci-apr\u00e8s le \u00ab Site \u00bb) est op\u00e9r\u00e9 par InterContinental Bora Bora Le Moana Resort (ou \u00ab nous \u00bb), dont le si\u00e8ge social se situe H\u00f4tel InterContinental Bora Bora Le Moana Resort \u2013 BP 156 \u2013 98730 Bora Bora \u2013 French Polynesia.<\/p><p>Lorsque vous naviguez sur notre site internet, nous recueillons des informations vous concernant en utilisant des cookies.<\/p><h4><strong>1. Qu\u2019est-ce qu\u2019un cookie ?<\/strong><\/h4><p>Les cookies sont de petits fichiers texte enregistr\u00e9s sur votre terminal, regroupant un certain nombre de Donn\u00e9es sur votre navigation (ex. date, heure et nombre de visites, source d\u2019arriv\u00e9e, pr\u00e9f\u00e9rences).<\/p><h5><strong>1.1. Cookies internes et cookies tiers : <\/strong><\/h5><p class=\" translation-block\">Un <strong>cookie tiers<\/strong> est plac\u00e9 sur votre terminal par un serveur d\u2019un domaine distinct de celui du Site. Ces tiers installent des cookies lorsque vous \u00eates connect\u00e9s sur leurs pages ou que vous consultez notre Site. Ces cookies permettent de suivre un comportement sur un r\u00e9seau de sites, en analysant l\u2019historique de visites \u00e0 des fins de ciblage.<br>\nInterContinental Bora Bora Le Moana Resort n\u2019a pas acc\u00e8s \u00e0 ces cookies \u00e0 la diff\u00e9rence des <strong>cookies internes<\/strong> qui sont directement g\u00e9r\u00e9s par notre Site.<\/p><h5><strong>1.2. Cookies permanents et cookies de session : <\/strong><\/h5><p class=\" translation-block\">Les <strong>cookies permanents <\/strong>sont stock\u00e9s sur votre terminal jusqu\u2019\u00e0 sa date d\u2019expiration ou jusqu\u2019\u00e0 ce que vous le supprimiez.<br>\nLes <strong>cookies de session <\/strong>sont supprim\u00e9s automatiquement lorsque vous quittez votre navigateur.<\/p><h4><strong>2. <\/strong><strong>\u00c0 quelles fins utilisons-nous les cookies ?<\/strong><\/h4><p><strong>\u00a0<\/strong>Nous et nos partenaires utilisons les cookies sur notre plateforme afin :<\/p><ul><li>D\u2019assurer sa s\u00e9curit\u00e9 et son bon fonctionnement ;<\/li><li>D\u2019assurer le fonctionnement de la bo\u00eete de dialogue du site ;<\/li><li>De mesurer et d\u2019analyser les audiences, le trafic et la performance.<\/li><\/ul><h4><strong>3. Comment g\u00e9rer les cookies ? <\/strong><\/h4><p><strong>Accepter, refuser ou param\u00e9trer les cookies lors de votre premi\u00e8re visite\u00a0<\/strong>Le d\u00e9p\u00f4t des cookies sur votre terminal se base sur votre consentement pr\u00e9alable, ou sur notre int\u00e9r\u00eat l\u00e9gitime lorsqu\u2019il s\u2019agit de cookies strictement n\u00e9cessaires pour assurer la s\u00e9curit\u00e9 et le fonctionnement du site. Ainsi, d\u00e8s votre arriv\u00e9e sur notre Site, un bandeau d\u2019information vous indique que nous utilisons cette technologie et que vous pouvez accepter ou refuser le d\u00e9p\u00f4t de cookies sur votre terminal. Vous pouvez retirer votre consentement \u00e0 tout moment.<\/p><p><strong>Accepter, refuser ou param\u00e9trer les cookies via votre navigateur\u00a0<\/strong>Vous avez \u00e9galement la possibilit\u00e9 de g\u00e9rer le d\u00e9p\u00f4t de cookies \u00e0 l\u2019aide du param\u00e9trage de votre navigateur, par les moyens d\u00e9crits ci-dessous.<\/p><p>Choix offerts par votre logiciel de navigation : Vous pouvez configurer votre logiciel de navigation de mani\u00e8re que des cookies soient enregistr\u00e9s sur votre terminal ou, au contraire, qu'ils soient rejet\u00e9s, soit syst\u00e9matiquement, soit selon leur \u00e9metteur. Vous pouvez \u00e9galement configurer votre logiciel de navigation de mani\u00e8re que l'acceptation ou le refus des cookies vous soit propos\u00e9, avant qu'un cookie soit susceptible d'\u00eatre enregistr\u00e9 sur votre terminal.<\/p><p>La gestion des cookies diff\u00e8re selon la configuration de chaque navigateur. Pour plus de d\u00e9tails, cliquez sur les liens ci-dessous.<\/p><ul><li>Internet Explorer\u2122: <a style=\"color: #88726b;\" href=\"http:\/\/windows.microsoft.com\/fr-FR\/windows-vista\/Block-or-allow-cookies\">http:\/\/windows.microsoft.com\/fr-FR\/windows-vista\/Block-or-allow-cookies<\/a><\/li><li>Safari\u2122: <a style=\"color: #88726b;\" href=\"https:\/\/support.apple.com\/kb\/ph21411?locale=fr_CA\">https:\/\/support.apple.com\/kb\/ph21411?locale=fr_CA<\/a><\/li><li>Google Chrome\u2122: <a style=\"color: #88726b;\" href=\"http:\/\/support.google.com\/chrome\/bin\/answer.py?hl=fr&amp;hlrm=en&amp;answer=95647\">http:\/\/support.google.com\/chrome\/bin\/answer.py?hl=fr&amp;hlrm=en&amp;answer=95647<\/a><\/li><li>Firefox\u2122: <a style=\"color: #88726b;\" href=\"https:\/\/support.mozilla.org\/fr\/kb\/activer-desactiver-cookies-preferences\">https:\/\/support.mozilla.org\/fr\/kb\/activer-desactiver-cookies-preferences<\/a><\/li><li>Opera\u2122: <a style=\"color: #88726b;\" href=\"http:\/\/help.opera.com\/Windows\/10.20\/fr\/cookies.html\">http:\/\/help.opera.com\/Windows\/10.20\/fr\/cookies.html<\/a><\/li><\/ul><p>Ce param\u00e9trage sera susceptible de modifier votre navigation sur internet et vos conditions d'acc\u00e8s \u00e0 certains services n\u00e9cessitant l'utilisation de cookies.<\/p><p>Pour plus d\u2019information sur les cookies et leur utilisation, vous pouvez consulter le site de la Commission nationale de l\u2019informatique et des libert\u00e9s (CNIL) \u00e0 l\u2019adresse suivante <a style=\"color: #88726b;\" href=\"https:\/\/www.cnil.fr\/fr\/site-web-cookies-et-autres-traceurs\">https:\/\/www.cnil.fr\/fr\/site-web-cookies-et-autres-traceurs<\/a>.<\/p><p><strong>Accepter, refuser ou param\u00e9trer les cookies via votre smartphone\u00a0<\/strong>Vous pouvez d\u00e9cider de modifier le param\u00e9trage de confidentialit\u00e9 de votre smartphone.<\/p><p>Pour param\u00e9trer vos r\u00e9glages de confidentialit\u00e9 :<\/p><ul><li>Apple system: <a style=\"color: #88726b;\" href=\"https:\/\/support.apple.com\/fr-fr\/HT201265\">https:\/\/support.apple.com\/fr-fr\/HT201265<\/a><\/li><li>Android system: <a style=\"color: #88726b;\" href=\"https:\/\/support.google.com\/chrome\/answer\/95647?co=GENIE.Platform%3DAndroid&amp;hl=fr\">https:\/\/support.google.com\/chrome\/answer\/95647?co=GENIE.Platform%3DAndroid&amp;hl=fr<\/a><\/li><\/ul><h4><strong>4. Quel type de cookies utilisons-nous et pour quelle dur\u00e9e sont-ils stock\u00e9s ? <\/strong><\/h4><p><strong>Cookies assurant le bon fonctionnement du Site<\/strong><br \/>Ces cookies assurent les fonctionnalit\u00e9s essentielles du Site et assurent le bon fonctionnement du Site. Ils ne peuvent pas \u00eatre d\u00e9sactiv\u00e9s de nos syst\u00e8mes. Vous pouvez cependant configurer votre navigateur pour bloquer ou \u00eatre alert\u00e9 de l\u2019utilisation de ces cookies. Le cas \u00e9ch\u00e9ant, certaines parties du site ne pourront pas fonctionner.<br \/>L\u2019utilisation de ces cookies par notre Site est fond\u00e9e sur notre int\u00e9r\u00eat l\u00e9gitime afin d\u2019assurer la fonctionnalit\u00e9 du Site.<br \/>Les cookies strictement n\u00e9cessaires utilis\u00e9s et leurs dur\u00e9es de conservation sont :<\/p><table><tbody><tr><td width=\"156\">Nom<\/td><td width=\"371\">Description<\/td><td width=\"111\">Dur\u00e9e de stockage<\/td><\/tr><tr><td width=\"156\">TawkConnectionTime<\/td><td width=\"371\">Ce cookie se souvient de l'utilisateur afin que les anciennes conversations de chat puissent \u00eatre identifi\u00e9es pour am\u00e9liorer le service.<\/td><td width=\"111\">Session<\/td><\/tr><tr><td width=\"156\">twk_idm_key<\/td><td width=\"371\">Permet au site Web de reconna\u00eetre le visiteur afin d'optimiser la fonctionnalit\u00e9 de la bo\u00eete de dialogue.<\/td><td width=\"111\">Session<\/td><\/tr><tr><td width=\"156\">twk_uuid<\/td><td width=\"371\">Un identifiant unique stock\u00e9 sous forme de cookie qui nous permet d'interagir avec vous par le biais de notre syst\u00e8me de chat en ligne tawk.to, un syst\u00e8me tiers int\u00e9gr\u00e9.<\/td><td width=\"111\">6 mois<\/td><\/tr><tr><td width=\"156\">borlabs-cookie<\/td><td width=\"371\">Borlabs Cookie est un plugin WordPress qui demande aux visiteurs de donner leur consentement aux cookies d'un site web.<\/td><td width=\"111\">1 mois<\/td><\/tr><\/tbody><\/table><p><strong>Cookies d\u2019analyse du trafic <\/strong><br \/>Ces cookies nous permettent d\u2019analyser la fr\u00e9quentation des pages (nombre de visites, activit\u00e9 des visiteurs, fr\u00e9quences de retour), comment vous naviguez sur notre Site et les performances du Site.<br \/>L\u2019utilisation de ces cookies par notre Site est fond\u00e9e sur votre consentement.<\/p><p><strong>Cookies de ciblage<\/strong><br \/>Ces cookies nous permettent d\u2019am\u00e9liorer votre exp\u00e9rience sur le site. Ils collectent, entre autres, des informations sur vos habitudes de navigation afin de cibler les messages publicitaires en rapport avec vos centres d\u2019int\u00e9r\u00eats.<br \/>L\u2019utilisation de ces cookies par notre Site est fond\u00e9e sur votre consentement.<\/p><h4><strong>5. Vos droits <\/strong><\/h4><p>Vous disposez d\u2019un droit d\u2019acc\u00e8s, de rectification, d\u2019opposition, de suppression et de limitation pour les informations issues des cookies et autres traceurs.<br \/>Ces droits peuvent \u00eatre exerc\u00e9s \u00e0 tout moment en adressant un courrier \u00e9lectronique \u00e0 l\u2019adresse : dpo@pbsc.pf, \u00e0 l\u2019attention du DPO.<br \/>Vous disposez en outre du droit d\u2019introduire une r\u00e9clamation aupr\u00e8s d\u2019une autorit\u00e9 de contr\u00f4le.<br \/>L\u2019autorit\u00e9 de contr\u00f4le fran\u00e7aise est la Commission nationale de l\u2019informatique et des libert\u00e9s (CNIL), 3 Place de Fontenoy - TSA 80715 - 75334 PARIS CEDEX 07.<\/p>\t\t\t\t\t\t<\/div>\n\t\t\t\t<\/div>\n\t\t\t\t\t<\/div>\n\t\t<\/div>\n\t\t\t\t\t<\/div>\n\t\t<\/section>\n\t\t\t\t<\/div>","protected":false},"excerpt":{"rendered":"<p>Cookie Policy Last revision date: May 9, 2022 The website &#8220;https:\/\/lemoana.intercontinental.com\/&#8221; (hereinafter the &#8220;Website&#8221;) is operated by InterContinental Bora Bora Le Moana Resort (hereinafter &#8220;we&#8221; or &#8220;us&#8221;), whose registered office is located at H\u00f4tel InterContinental Bora Bora Le Moana Resort \u2013 BP 156 \u2013 98730 Bora Bora \u2013 French Polynesia. When you browse our Website, [&hellip;]<\/p>","protected":false},"author":15,"featured_media":0,"parent":0,"menu_order":0,"comment_status":"closed","ping_status":"closed","template":"","meta":{"footnotes":""},"acf":[],"yoast_head":"<!-- This site is optimized with the Yoast SEO plugin v22.1 - https:\/\/yoast.com\/wordpress\/plugins\/seo\/ -->\n<title>Cookie Policy - InterContinental Bora Bora Le Moana Resort<\/title>\n<meta name=\"robots\" content=\"index, follow, max-snippet:-1, max-image-preview:large, max-video-preview:-1\" \/>\n<link rel=\"canonical\" href=\"https:\/\/lemoana.intercontinental.com\/fr\/cookie-policy\/\" \/>\n<meta property=\"og:locale\" content=\"fr_FR\" \/>\n<meta property=\"og:type\" content=\"article\" \/>\n<meta property=\"og:title\" content=\"Cookie Policy - InterContinental Bora Bora Le Moana Resort\" \/>\n<meta property=\"og:description\" content=\"Cookie Policy Last revision date: May 9, 2022 The website &#8220;https:\/\/lemoana.intercontinental.com\/&#8221; (hereinafter the &#8220;Website&#8221;) is operated by InterContinental Bora Bora Le Moana Resort (hereinafter &#8220;we&#8221; or &#8220;us&#8221;), whose registered office is located at H\u00f4tel InterContinental Bora Bora Le Moana Resort \u2013 BP 156 \u2013 98730 Bora Bora \u2013 French Polynesia. When you browse our Website, [&hellip;]\" \/>\n<meta property=\"og:url\" content=\"https:\/\/lemoana.intercontinental.com\/fr\/cookie-policy\/\" \/>\n<meta property=\"og:site_name\" content=\"InterContinental Bora Bora Le Moana Resort\" \/>\n<meta property=\"article:modified_time\" content=\"2023-09-05T23:28:36+00:00\" \/>\n<meta name=\"twitter:card\" content=\"summary_large_image\" \/>\n<meta name=\"twitter:label1\" content=\"Dur\u00e9e de lecture estim\u00e9e\" \/>\n\t<meta name=\"twitter:data1\" content=\"4 minutes\" \/>\n<script type=\"application\/ld+json\" class=\"yoast-schema-graph\">{\"@context\":\"https:\/\/schema.org\",\"@graph\":[{\"@type\":\"WebPage\",\"@id\":\"https:\/\/lemoana.intercontinental.com\/cookie-policy\",\"url\":\"https:\/\/lemoana.intercontinental.com\/cookie-policy\",\"name\":\"Cookie Policy - InterContinental Bora Bora Le Moana Resort\",\"isPartOf\":{\"@id\":\"https:\/\/lemoana.intercontinental.com\/#website\"},\"datePublished\":\"2022-04-01T00:46:42+00:00\",\"dateModified\":\"2023-09-05T23:28:36+00:00\",\"inLanguage\":\"fr-FR\",\"potentialAction\":[{\"@type\":\"ReadAction\",\"target\":[\"https:\/\/lemoana.intercontinental.com\/cookie-policy\"]}]},{\"@type\":\"WebSite\",\"@id\":\"https:\/\/lemoana.intercontinental.com\/#website\",\"url\":\"https:\/\/lemoana.intercontinental.com\/\",\"name\":\"InterContinental Bora Bora Le Moana Resort\",\"description\":\"4* star luxury resort in Bora Bora\",\"publisher\":{\"@id\":\"https:\/\/lemoana.intercontinental.com\/#organization\"},\"potentialAction\":[{\"@type\":\"SearchAction\",\"target\":{\"@type\":\"EntryPoint\",\"urlTemplate\":\"https:\/\/lemoana.intercontinental.com\/?s={search_term_string}\"},\"query-input\":\"required name=search_term_string\"}],\"inLanguage\":\"fr-FR\"},{\"@type\":\"Organization\",\"@id\":\"https:\/\/lemoana.intercontinental.com\/#organization\",\"name\":\"InterContinental Bora Bora Le Moana Resort\",\"url\":\"https:\/\/lemoana.intercontinental.com\/\",\"logo\":{\"@type\":\"ImageObject\",\"inLanguage\":\"fr-FR\",\"@id\":\"https:\/\/lemoana.intercontinental.com\/#\/schema\/logo\/image\/\",\"url\":\"https:\/\/lemoana.intercontinental.com\/wp-content\/uploads\/2020\/11\/lemoana-dark.svg\",\"contentUrl\":\"https:\/\/lemoana.intercontinental.com\/wp-content\/uploads\/2020\/11\/lemoana-dark.svg\",\"width\":566.93,\"height\":265.15,\"caption\":\"InterContinental Bora Bora Le Moana Resort\"},\"image\":{\"@id\":\"https:\/\/lemoana.intercontinental.com\/#\/schema\/logo\/image\/\"}}]}<\/script>\n<!-- \/ Yoast SEO plugin. -->","yoast_head_json":{"title":"Cookie Policy - InterContinental Bora Bora Le Moana Resort","robots":{"index":"index","follow":"follow","max-snippet":"max-snippet:-1","max-image-preview":"max-image-preview:large","max-video-preview":"max-video-preview:-1"},"canonical":"https:\/\/lemoana.intercontinental.com\/fr\/cookie-policy\/","og_locale":"fr_FR","og_type":"article","og_title":"Cookie Policy - InterContinental Bora Bora Le Moana Resort","og_description":"Cookie Policy Last revision date: May 9, 2022 The website &#8220;https:\/\/lemoana.intercontinental.com\/&#8221; (hereinafter the &#8220;Website&#8221;) is operated by InterContinental Bora Bora Le Moana Resort (hereinafter &#8220;we&#8221; or &#8220;us&#8221;), whose registered office is located at H\u00f4tel InterContinental Bora Bora Le Moana Resort \u2013 BP 156 \u2013 98730 Bora Bora \u2013 French Polynesia. When you browse our Website, [&hellip;]","og_url":"https:\/\/lemoana.intercontinental.com\/fr\/cookie-policy\/","og_site_name":"InterContinental Bora Bora Le Moana Resort","article_modified_time":"2023-09-05T23:28:36+00:00","twitter_card":"summary_large_image","twitter_misc":{"Dur\u00e9e de lecture estim\u00e9e":"4 minutes"},"schema":{"@context":"https:\/\/schema.org","@graph":[{"@type":"WebPage","@id":"https:\/\/lemoana.intercontinental.com\/cookie-policy","url":"https:\/\/lemoana.intercontinental.com\/cookie-policy","name":"Cookie Policy - InterContinental Bora Bora Le Moana Resort","isPartOf":{"@id":"https:\/\/lemoana.intercontinental.com\/#website"},"datePublished":"2022-04-01T00:46:42+00:00","dateModified":"2023-09-05T23:28:36+00:00","inLanguage":"fr-FR","potentialAction":[{"@type":"ReadAction","target":["https:\/\/lemoana.intercontinental.com\/cookie-policy"]}]},{"@type":"WebSite","@id":"https:\/\/lemoana.intercontinental.com\/#website","url":"https:\/\/lemoana.intercontinental.com\/","name":"InterContinental Bora Bora Le Moana Resort","description":"4* star luxury resort in Bora Bora","publisher":{"@id":"https:\/\/lemoana.intercontinental.com\/#organization"},"potentialAction":[{"@type":"SearchAction","target":{"@type":"EntryPoint","urlTemplate":"https:\/\/lemoana.intercontinental.com\/?s={search_term_string}"},"query-input":"required name=search_term_string"}],"inLanguage":"fr-FR"},{"@type":"Organization","@id":"https:\/\/lemoana.intercontinental.com\/#organization","name":"InterContinental Bora Bora Le Moana Resort","url":"https:\/\/lemoana.intercontinental.com\/","logo":{"@type":"ImageObject","inLanguage":"fr-FR","@id":"https:\/\/lemoana.intercontinental.com\/#\/schema\/logo\/image\/","url":"https:\/\/lemoana.intercontinental.com\/wp-content\/uploads\/2020\/11\/lemoana-dark.svg","contentUrl":"https:\/\/lemoana.intercontinental.com\/wp-content\/uploads\/2020\/11\/lemoana-dark.svg","width":566.93,"height":265.15,"caption":"InterContinental Bora Bora Le Moana Resort"},"image":{"@id":"https:\/\/lemoana.intercontinental.com\/#\/schema\/logo\/image\/"}}]}},"_links":{"self":[{"href":"https:\/\/lemoana.intercontinental.com\/fr\/wp-json\/wp\/v2\/pages\/6472"}],"collection":[{"href":"https:\/\/lemoana.intercontinental.com\/fr\/wp-json\/wp\/v2\/pages"}],"about":[{"href":"https:\/\/lemoana.intercontinental.com\/fr\/wp-json\/wp\/v2\/types\/page"}],"author":[{"embeddable":true,"href":"https:\/\/lemoana.intercontinental.com\/fr\/wp-json\/wp\/v2\/users\/15"}],"replies":[{"embeddable":true,"href":"https:\/\/lemoana.intercontinental.com\/fr\/wp-json\/wp\/v2\/comments?post=6472"}],"version-history":[{"count":19,"href":"https:\/\/lemoana.intercontinental.com\/fr\/wp-json\/wp\/v2\/pages\/6472\/revisions"}],"predecessor-version":[{"id":9811,"href":"https:\/\/lemoana.intercontinental.com\/fr\/wp-json\/wp\/v2\/pages\/6472\/revisions\/9811"}],"wp:attachment":[{"href":"https:\/\/lemoana.intercontinental.com\/fr\/wp-json\/wp\/v2\/media?parent=6472"}],"curies":[{"name":"wp","href":"https:\/\/api.w.org\/{rel}","templated":true}]}}